{"id":361,"date":"2024-03-09T11:46:11","date_gmt":"2024-03-09T11:46:11","guid":{"rendered":"https:\/\/carolpsi.com\/?page_id=361"},"modified":"2024-03-11T11:08:42","modified_gmt":"2024-03-11T11:08:42","slug":"politica-de-cookies","status":"publish","type":"page","link":"https:\/\/carolpsi.com\/en\/politica-de-cookies\/","title":{"rendered":"Cookie Policy"},"content":{"rendered":"<p>El sitio web <a href=\"https:\/\/carolpsi.com\/en\/\">https:\/\/carolpsi.com<\/a> (en adelante, el sitio web) utiliza cookies propias y de terceros para mejorar la experiencia del usuario y ofrecer servicios personalizados a trav\u00e9s del an\u00e1lisis de la navegaci\u00f3n. Al utilizar el sitio web, el usuario acepta el uso de cookies de acuerdo con esta pol\u00edtica.<\/p>\n\n\n\n<p>\u00bfQu\u00e9 son las cookies?<\/p>\n\n\n\n<p>Las cookies son peque\u00f1os archivos de texto que se almacenan en el navegador del usuario cuando visita un sitio web. Las cookies permiten a los sitios web reconocer al usuario y recordar sus preferencias para mejorar la experiencia de navegaci\u00f3n.<\/p>\n\n\n\n<p>\u00bfQu\u00e9 tipos de cookies utiliza el sitio web?<\/p>\n\n\n\n<p>El sitio web utiliza cookies propias y de terceros con los siguientes prop\u00f3sitos:<\/p>\n\n\n\n<p>Cookies t\u00e9cnicas: son necesarias para el correcto funcionamiento del sitio web. Permiten al usuario navegar por el sitio web y utilizar sus servicios.<\/p>\n\n\n\n<p>Cookies de an\u00e1lisis: se utilizan para analizar la navegaci\u00f3n del usuario y mejorar la experiencia en el sitio web. El sitio web utiliza Google Analytics, un servicio de an\u00e1lisis web de Google, Inc. (\u00abGoogle\u00bb). Google Analytics utiliza cookies para analizar el uso del sitio web por parte de los usuarios.<\/p>\n\n\n\n<p>La informaci\u00f3n generada por las cookies sobre el uso del sitio web (incluida la direcci\u00f3n IP del usuario) ser\u00e1 transmitida y almacenada por Google en servidores ubicados en los Estados Unidos. Google utilizar\u00e1 esta informaci\u00f3n para evaluar el uso del sitio web, compilar informes sobre la actividad del sitio web y proporcionar otros servicios relacionados con la actividad del sitio web y el uso de Internet.<\/p>\n\n\n\n<p>\u00bfC\u00f3mo desactivar las cookies?<\/p>\n\n\n\n<p>El usuario puede desactivar las cookies en su navegador web en cualquier momento. Sin embargo, si el usuario desactiva las cookies, es posible que algunas funciones del sitio web no est\u00e9n disponibles.<\/p>\n\n\n\n<p>Para desactivar las cookies en su navegador, siga las instrucciones proporcionadas por el proveedor del navegador.<\/p>\n\n\n\n<p>Actualizaciones y cambios en la pol\u00edtica de cookies<\/p>\n\n\n\n<p>El propietario del sitio web se reserva el derecho de realizar cambios en esta pol\u00edtica de cookies en cualquier momento y sin previo aviso. El usuario debe revisar esta pol\u00edtica de cookies con regularidad para estar informado de los cambios.<\/p>","protected":false},"excerpt":{"rendered":"<p>El sitio web https:\/\/carolpsi.com (en adelante, el sitio web) utiliza cookies propias y de terceros para mejorar la experiencia del [&hellip;]<\/p>\n","protected":false},"author":1,"featured_media":0,"parent":0,"menu_order":0,"comment_status":"closed","ping_status":"closed","template":"","meta":{"_uag_custom_page_level_css":"","site-sidebar-layout":"default","site-content-layout":"","ast-site-content-layout":"default","site-content-style":"default","site-sidebar-style":"default","ast-global-header-display":"","ast-banner-title-visibility":"","ast-main-header-display":"","ast-hfb-above-header-display":"","ast-hfb-below-header-display":"","ast-hfb-mobile-header-display":"","site-post-title":"","ast-breadcrumbs-content":"","ast-featured-img":"","footer-sml-layout":"","ast-disable-related-posts":"","theme-transparent-header-meta":"","adv-header-id-meta":"","stick-header-meta":"","header-above-stick-meta":"","header-main-stick-meta":"","header-below-stick-meta":"","astra-migrate-meta-layouts":"default","ast-page-background-enabled":"default","ast-page-background-meta":{"desktop":{"background-color":"","background-image":"","background-repeat":"repeat","background-position":"center center","background-size":"auto","background-attachment":"scroll","background-type":"","background-media":"","overlay-type":"","overlay-color":"","overlay-opacity":"","overlay-gradient":""},"tablet":{"background-color":"","background-image":"","background-repeat":"repeat","background-position":"center center","background-size":"auto","background-attachment":"scroll","background-type":"","background-media":"","overlay-type":"","overlay-color":"","overlay-opacity":"","overlay-gradient":""},"mobile":{"background-color":"","background-image":"","background-repeat":"repeat","background-position":"center center","background-size":"auto","background-attachment":"scroll","background-type":"","background-media":"","overlay-type":"","overlay-color":"","overlay-opacity":"","overlay-gradient":""}},"ast-content-background-meta":{"desktop":{"background-color":"var(--ast-global-color-5)","background-image":"","background-repeat":"repeat","background-position":"center center","background-size":"auto","background-attachment":"scroll","background-type":"","background-media":"","overlay-type":"","overlay-color":"","overlay-opacity":"","overlay-gradient":""},"tablet":{"background-color":"var(--ast-global-color-5)","background-image":"","background-repeat":"repeat","background-position":"center center","background-size":"auto","background-attachment":"scroll","background-type":"","background-media":"","overlay-type":"","overlay-color":"","overlay-opacity":"","overlay-gradient":""},"mobile":{"background-color":"var(--ast-global-color-5)","background-image":"","background-repeat":"repeat","background-position":"center center","background-size":"auto","background-attachment":"scroll","background-type":"","background-media":"","overlay-type":"","overlay-color":"","overlay-opacity":"","overlay-gradient":""}},"footnotes":""},"class_list":["post-361","page","type-page","status-publish","hentry"],"yoast_head":"<!-- This site is optimized with the Yoast SEO plugin v27.4 - https:\/\/yoast.com\/product\/yoast-seo-wordpress\/ -->\n<title>Pol\u00edtica de Cookies - Carolpsi &ndash; Crianza Respetuosa<\/title>\n<meta name=\"robots\" content=\"index, follow, max-snippet:-1, max-image-preview:large, max-video-preview:-1\" \/>\n<link rel=\"canonical\" href=\"https:\/\/carolpsi.com\/en\/politica-de-cookies\/\" \/>\n<meta property=\"og:locale\" content=\"en_US\" \/>\n<meta property=\"og:type\" content=\"article\" \/>\n<meta property=\"og:title\" content=\"Pol\u00edtica de Cookies - Carolpsi &ndash; Crianza Respetuosa\" \/>\n<meta property=\"og:description\" content=\"El sitio web https:\/\/carolpsi.com (en adelante, el sitio web) utiliza cookies propias y de terceros para mejorar la experiencia del [&hellip;]\" \/>\n<meta property=\"og:url\" content=\"https:\/\/carolpsi.com\/en\/politica-de-cookies\/\" \/>\n<meta property=\"og:site_name\" content=\"Carolpsi &ndash; Crianza Respetuosa\" \/>\n<meta property=\"article:modified_time\" content=\"2024-03-11T11:08:42+00:00\" \/>\n<meta name=\"twitter:card\" content=\"summary_large_image\" \/>\n<meta name=\"twitter:label1\" content=\"Est. reading time\" \/>\n\t<meta name=\"twitter:data1\" content=\"2 minutes\" \/>\n<script type=\"application\/ld+json\" class=\"yoast-schema-graph\">{\"@context\":\"https:\\\/\\\/schema.org\",\"@graph\":[{\"@type\":\"WebPage\",\"@id\":\"https:\\\/\\\/carolpsi.com\\\/politica-de-cookies\\\/\",\"url\":\"https:\\\/\\\/carolpsi.com\\\/politica-de-cookies\\\/\",\"name\":\"Pol\u00edtica de Cookies - Carolpsi &ndash; Crianza Respetuosa\",\"isPartOf\":{\"@id\":\"https:\\\/\\\/carolpsi.com\\\/en\\\/#website\"},\"datePublished\":\"2024-03-09T11:46:11+00:00\",\"dateModified\":\"2024-03-11T11:08:42+00:00\",\"breadcrumb\":{\"@id\":\"https:\\\/\\\/carolpsi.com\\\/politica-de-cookies\\\/#breadcrumb\"},\"inLanguage\":\"en-US\",\"potentialAction\":[{\"@type\":\"ReadAction\",\"target\":[\"https:\\\/\\\/carolpsi.com\\\/politica-de-cookies\\\/\"]}]},{\"@type\":\"BreadcrumbList\",\"@id\":\"https:\\\/\\\/carolpsi.com\\\/politica-de-cookies\\\/#breadcrumb\",\"itemListElement\":[{\"@type\":\"ListItem\",\"position\":1,\"name\":\"Portada\",\"item\":\"https:\\\/\\\/carolpsi.com\\\/en\\\/\"},{\"@type\":\"ListItem\",\"position\":2,\"name\":\"Pol\u00edtica de Cookies\"}]},{\"@type\":\"WebSite\",\"@id\":\"https:\\\/\\\/carolpsi.com\\\/en\\\/#website\",\"url\":\"https:\\\/\\\/carolpsi.com\\\/en\\\/\",\"name\":\"Carolpsi \u2013 Crianza Respetuosa\",\"description\":\"Educar sin gritos, sin premios ni castigos, sin perder la conexi&oacute;n es posible.\",\"publisher\":{\"@id\":\"https:\\\/\\\/carolpsi.com\\\/en\\\/#\\\/schema\\\/person\\\/5ea51d76ccf2ade4fba639548ec0ee04\"},\"potentialAction\":[{\"@type\":\"SearchAction\",\"target\":{\"@type\":\"EntryPoint\",\"urlTemplate\":\"https:\\\/\\\/carolpsi.com\\\/en\\\/?s={search_term_string}\"},\"query-input\":{\"@type\":\"PropertyValueSpecification\",\"valueRequired\":true,\"valueName\":\"search_term_string\"}}],\"inLanguage\":\"en-US\"},{\"@type\":[\"Person\",\"Organization\"],\"@id\":\"https:\\\/\\\/carolpsi.com\\\/en\\\/#\\\/schema\\\/person\\\/5ea51d76ccf2ade4fba639548ec0ee04\",\"name\":\"Carolina Sucari\",\"image\":{\"@type\":\"ImageObject\",\"inLanguage\":\"en-US\",\"@id\":\"https:\\\/\\\/carolpsi.com\\\/wp-content\\\/uploads\\\/2025\\\/05\\\/logo_footer_carol.png\",\"url\":\"https:\\\/\\\/carolpsi.com\\\/wp-content\\\/uploads\\\/2025\\\/05\\\/logo_footer_carol.png\",\"contentUrl\":\"https:\\\/\\\/carolpsi.com\\\/wp-content\\\/uploads\\\/2025\\\/05\\\/logo_footer_carol.png\",\"width\":312,\"height\":179,\"caption\":\"Carolina Sucari\"},\"logo\":{\"@id\":\"https:\\\/\\\/carolpsi.com\\\/wp-content\\\/uploads\\\/2025\\\/05\\\/logo_footer_carol.png\"},\"sameAs\":[\"https:\\\/\\\/carolpsi.com\"]}]}<\/script>\n<!-- \/ Yoast SEO plugin. -->","yoast_head_json":{"title":"Pol\u00edtica de Cookies - Carolpsi &ndash; Crianza Respetuosa","robots":{"index":"index","follow":"follow","max-snippet":"max-snippet:-1","max-image-preview":"max-image-preview:large","max-video-preview":"max-video-preview:-1"},"canonical":"https:\/\/carolpsi.com\/en\/politica-de-cookies\/","og_locale":"en_US","og_type":"article","og_title":"Pol\u00edtica de Cookies - Carolpsi &ndash; Crianza Respetuosa","og_description":"El sitio web https:\/\/carolpsi.com (en adelante, el sitio web) utiliza cookies propias y de terceros para mejorar la experiencia del [&hellip;]","og_url":"https:\/\/carolpsi.com\/en\/politica-de-cookies\/","og_site_name":"Carolpsi &ndash; Crianza Respetuosa","article_modified_time":"2024-03-11T11:08:42+00:00","twitter_card":"summary_large_image","twitter_misc":{"Est. reading time":"2 minutes"},"schema":{"@context":"https:\/\/schema.org","@graph":[{"@type":"WebPage","@id":"https:\/\/carolpsi.com\/politica-de-cookies\/","url":"https:\/\/carolpsi.com\/politica-de-cookies\/","name":"Pol\u00edtica de Cookies - Carolpsi &ndash; Crianza Respetuosa","isPartOf":{"@id":"https:\/\/carolpsi.com\/en\/#website"},"datePublished":"2024-03-09T11:46:11+00:00","dateModified":"2024-03-11T11:08:42+00:00","breadcrumb":{"@id":"https:\/\/carolpsi.com\/politica-de-cookies\/#breadcrumb"},"inLanguage":"en-US","potentialAction":[{"@type":"ReadAction","target":["https:\/\/carolpsi.com\/politica-de-cookies\/"]}]},{"@type":"BreadcrumbList","@id":"https:\/\/carolpsi.com\/politica-de-cookies\/#breadcrumb","itemListElement":[{"@type":"ListItem","position":1,"name":"Portada","item":"https:\/\/carolpsi.com\/en\/"},{"@type":"ListItem","position":2,"name":"Pol\u00edtica de Cookies"}]},{"@type":"WebSite","@id":"https:\/\/carolpsi.com\/en\/#website","url":"https:\/\/carolpsi.com\/en\/","name":"Carolpsi \u2013 Crianza Respetuosa","description":"Educar sin gritos, sin premios ni castigos, sin perder la conexi&oacute;n es posible.","publisher":{"@id":"https:\/\/carolpsi.com\/en\/#\/schema\/person\/5ea51d76ccf2ade4fba639548ec0ee04"},"potentialAction":[{"@type":"SearchAction","target":{"@type":"EntryPoint","urlTemplate":"https:\/\/carolpsi.com\/en\/?s={search_term_string}"},"query-input":{"@type":"PropertyValueSpecification","valueRequired":true,"valueName":"search_term_string"}}],"inLanguage":"en-US"},{"@type":["Person","Organization"],"@id":"https:\/\/carolpsi.com\/en\/#\/schema\/person\/5ea51d76ccf2ade4fba639548ec0ee04","name":"Carolina Sucari","image":{"@type":"ImageObject","inLanguage":"en-US","@id":"https:\/\/carolpsi.com\/wp-content\/uploads\/2025\/05\/logo_footer_carol.png","url":"https:\/\/carolpsi.com\/wp-content\/uploads\/2025\/05\/logo_footer_carol.png","contentUrl":"https:\/\/carolpsi.com\/wp-content\/uploads\/2025\/05\/logo_footer_carol.png","width":312,"height":179,"caption":"Carolina Sucari"},"logo":{"@id":"https:\/\/carolpsi.com\/wp-content\/uploads\/2025\/05\/logo_footer_carol.png"},"sameAs":["https:\/\/carolpsi.com"]}]}},"uagb_featured_image_src":{"full":false,"thumbnail":false,"medium":false,"medium_large":false,"large":false,"1536x1536":false,"2048x2048":false,"trp-custom-language-flag":false},"uagb_author_info":{"display_name":"Carolina Sucari","author_link":"https:\/\/carolpsi.com\/en\/author\/admin\/"},"uagb_comment_info":0,"uagb_excerpt":"El sitio web https:\/\/carolpsi.com (en adelante, el sitio web) utiliza cookies propias y de terceros para mejorar la experiencia del [&hellip;]","_links":{"self":[{"href":"https:\/\/carolpsi.com\/en\/wp-json\/wp\/v2\/pages\/361","targetHints":{"allow":["GET"]}}],"collection":[{"href":"https:\/\/carolpsi.com\/en\/wp-json\/wp\/v2\/pages"}],"about":[{"href":"https:\/\/carolpsi.com\/en\/wp-json\/wp\/v2\/types\/page"}],"author":[{"embeddable":true,"href":"https:\/\/carolpsi.com\/en\/wp-json\/wp\/v2\/users\/1"}],"replies":[{"embeddable":true,"href":"https:\/\/carolpsi.com\/en\/wp-json\/wp\/v2\/comments?post=361"}],"version-history":[{"count":2,"href":"https:\/\/carolpsi.com\/en\/wp-json\/wp\/v2\/pages\/361\/revisions"}],"predecessor-version":[{"id":456,"href":"https:\/\/carolpsi.com\/en\/wp-json\/wp\/v2\/pages\/361\/revisions\/456"}],"wp:attachment":[{"href":"https:\/\/carolpsi.com\/en\/wp-json\/wp\/v2\/media?parent=361"}],"curies":[{"name":"wp","href":"https:\/\/api.w.org\/{rel}","templated":true}]}}