{"id":263,"date":"2024-03-04T11:41:10","date_gmt":"2024-03-04T11:41:10","guid":{"rendered":"https:\/\/carolpsi.com\/?page_id=263"},"modified":"2025-10-29T19:28:39","modified_gmt":"2025-10-29T19:28:39","slug":"terapiafamilia","status":"publish","type":"page","link":"https:\/\/carolpsi.com\/en\/terapia\/terapiafamilia\/","title":{"rendered":"Terapia Familiar"},"content":{"rendered":"<p>En cada familia hay historias compartidas, v\u00ednculos que nos forman y desaf\u00edos que nos invitan a reflexionar. Cada persona tambi\u00e9n llega con su propia mochila, llena de experiencias, emociones y aprendizajes. A veces, la convivencia, las crisis o los procesos de separaci\u00f3n pueden generar distancia, dolor o confusi\u00f3n.<\/p>\n\n\n\n<p>La terapia familiar es un espacio para escuchar y comprender lo que cada miembro necesita expresar, para transformar la culpa en comprensi\u00f3n y el conflicto en oportunidad de encuentro.<\/p>\n\n\n\n<p>Desde un enfoque de disciplina positiva y respeto mutuo, acompa\u00f1amos a las familias a reconstruir la comunicaci\u00f3n, fortalecer la conexi\u00f3n emocional y crear nuevas formas de relacionarse que promuevan el bienestar de todos, especialmente de los ni\u00f1os.<\/p>\n\n\n\n<p>En este proceso, cada voz importa, cada historia tiene su lugar, y juntos podemos volver a tejer un v\u00ednculo m\u00e1s consciente, amoroso y aut\u00e9ntico.<\/p>\n\n\n\n<figure class=\"wp-block-image size-large is-resized\"><img loading=\"lazy\" decoding=\"async\" width=\"1024\" height=\"683\" src=\"https:\/\/carolpsi.com\/wp-content\/uploads\/2025\/10\/nino-pequeno-que-sufre-abuso-por-parte-de-padres-que-pelean-en-casa-1-1024x683.jpg\" alt=\"\" class=\"wp-image-3291\" style=\"width:750px\" srcset=\"https:\/\/carolpsi.com\/wp-content\/uploads\/2025\/10\/nino-pequeno-que-sufre-abuso-por-parte-de-padres-que-pelean-en-casa-1-1024x683.jpg 1024w, https:\/\/carolpsi.com\/wp-content\/uploads\/2025\/10\/nino-pequeno-que-sufre-abuso-por-parte-de-padres-que-pelean-en-casa-1-300x200.jpg 300w, https:\/\/carolpsi.com\/wp-content\/uploads\/2025\/10\/nino-pequeno-que-sufre-abuso-por-parte-de-padres-que-pelean-en-casa-1-768x512.jpg 768w, https:\/\/carolpsi.com\/wp-content\/uploads\/2025\/10\/nino-pequeno-que-sufre-abuso-por-parte-de-padres-que-pelean-en-casa-1-1536x1024.jpg 1536w, https:\/\/carolpsi.com\/wp-content\/uploads\/2025\/10\/nino-pequeno-que-sufre-abuso-por-parte-de-padres-que-pelean-en-casa-1-2048x1365.jpg 2048w, https:\/\/carolpsi.com\/wp-content\/uploads\/2025\/10\/nino-pequeno-que-sufre-abuso-por-parte-de-padres-que-pelean-en-casa-1-18x12.jpg 18w\" sizes=\"auto, (max-width: 1024px) 100vw, 1024px\" \/><\/figure>\n\n\n\n<h3 class=\"wp-block-heading\" style=\"font-size:19px\">Schedule a Psychological Therapy Session (50 minutes)<\/h3>\n\n\n\n<p style=\"font-size:18px\"><strong><strong>80\u202f\u20ac \u00b7 <\/strong>Online<\/strong><br><strong><strong>\u20ac95 \u00b7<\/strong><\/strong> <strong>In-person<\/strong><\/p>\n\n\n\n<p style=\"font-size:18px\">Mobile: +34 645 584 740<br>Let\u2019s chat on Whatsapp:&nbsp;<a href=\"https:\/\/wa.me\/34645584740\"><strong>Click here<\/strong><\/a><\/p>\n\n\n\n<p><\/p>","protected":false},"excerpt":{"rendered":"<p>En cada familia hay historias compartidas, v\u00ednculos que nos forman y desaf\u00edos que nos invitan a reflexionar. Cada persona tambi\u00e9n [&hellip;]<\/p>\n","protected":false},"author":1,"featured_media":0,"parent":33,"menu_order":0,"comment_status":"closed","ping_status":"closed","template":"","meta":{"_uag_custom_page_level_css":"","site-sidebar-layout":"default","site-content-layout":"","ast-site-content-layout":"default","site-content-style":"default","site-sidebar-style":"default","ast-global-header-display":"","ast-banner-title-visibility":"","ast-main-header-display":"","ast-hfb-above-header-display":"","ast-hfb-below-header-display":"","ast-hfb-mobile-header-display":"","site-post-title":"","ast-breadcrumbs-content":"","ast-featured-img":"","footer-sml-layout":"","ast-disable-related-posts":"","theme-transparent-header-meta":"","adv-header-id-meta":"","stick-header-meta":"","header-above-stick-meta":"","header-main-stick-meta":"","header-below-stick-meta":"","astra-migrate-meta-layouts":"set","ast-page-background-enabled":"default","ast-page-background-meta":{"desktop":{"background-color":"","background-image":"","background-repeat":"repeat","background-position":"center center","background-size":"auto","background-attachment":"scroll","background-type":"","background-media":"","overlay-type":"","overlay-color":"","overlay-opacity":"","overlay-gradient":""},"tablet":{"background-color":"","background-image":"","background-repeat":"repeat","background-position":"center center","background-size":"auto","background-attachment":"scroll","background-type":"","background-media":"","overlay-type":"","overlay-color":"","overlay-opacity":"","overlay-gradient":""},"mobile":{"background-color":"","background-image":"","background-repeat":"repeat","background-position":"center center","background-size":"auto","background-attachment":"scroll","background-type":"","background-media":"","overlay-type":"","overlay-color":"","overlay-opacity":"","overlay-gradient":""}},"ast-content-background-meta":{"desktop":{"background-color":"var(--ast-global-color-5)","background-image":"","background-repeat":"repeat","background-position":"center center","background-size":"auto","background-attachment":"scroll","background-type":"","background-media":"","overlay-type":"","overlay-color":"","overlay-opacity":"","overlay-gradient":""},"tablet":{"background-color":"var(--ast-global-color-5)","background-image":"","background-repeat":"repeat","background-position":"center center","background-size":"auto","background-attachment":"scroll","background-type":"","background-media":"","overlay-type":"","overlay-color":"","overlay-opacity":"","overlay-gradient":""},"mobile":{"background-color":"var(--ast-global-color-5)","background-image":"","background-repeat":"repeat","background-position":"center center","background-size":"auto","background-attachment":"scroll","background-type":"","background-media":"","overlay-type":"","overlay-color":"","overlay-opacity":"","overlay-gradient":""}},"footnotes":""},"class_list":["post-263","page","type-page","status-publish","hentry"],"yoast_head":"<!-- This site is optimized with the Yoast SEO plugin v27.4 - https:\/\/yoast.com\/product\/yoast-seo-wordpress\/ -->\n<title>Terapia Familiar - Carolpsi &ndash; Crianza Respetuosa<\/title>\n<meta name=\"robots\" content=\"index, follow, max-snippet:-1, max-image-preview:large, max-video-preview:-1\" \/>\n<link rel=\"canonical\" href=\"https:\/\/carolpsi.com\/en\/terapia\/terapiafamilia\/\" \/>\n<meta property=\"og:locale\" content=\"en_US\" \/>\n<meta property=\"og:type\" content=\"article\" \/>\n<meta property=\"og:title\" content=\"Terapia Familiar - Carolpsi &ndash; Crianza Respetuosa\" \/>\n<meta property=\"og:description\" content=\"En cada familia hay historias compartidas, v\u00ednculos que nos forman y desaf\u00edos que nos invitan a reflexionar. Cada persona tambi\u00e9n [&hellip;]\" \/>\n<meta property=\"og:url\" content=\"https:\/\/carolpsi.com\/en\/terapia\/terapiafamilia\/\" \/>\n<meta property=\"og:site_name\" content=\"Carolpsi &ndash; Crianza Respetuosa\" \/>\n<meta property=\"article:modified_time\" content=\"2025-10-29T19:28:39+00:00\" \/>\n<meta property=\"og:image\" content=\"https:\/\/carolpsi.com\/wp-content\/uploads\/2025\/10\/nino-pequeno-que-sufre-abuso-por-parte-de-padres-que-pelean-en-casa-1-scaled.jpg\" \/>\n\t<meta property=\"og:image:width\" content=\"2560\" \/>\n\t<meta property=\"og:image:height\" content=\"1707\" \/>\n\t<meta property=\"og:image:type\" content=\"image\/jpeg\" \/>\n<meta name=\"twitter:card\" content=\"summary_large_image\" \/>\n<meta name=\"twitter:label1\" content=\"Est. reading time\" \/>\n\t<meta name=\"twitter:data1\" content=\"1 minute\" \/>\n<script type=\"application\/ld+json\" class=\"yoast-schema-graph\">{\"@context\":\"https:\\\/\\\/schema.org\",\"@graph\":[{\"@type\":\"WebPage\",\"@id\":\"https:\\\/\\\/carolpsi.com\\\/terapia\\\/terapiafamilia\\\/\",\"url\":\"https:\\\/\\\/carolpsi.com\\\/terapia\\\/terapiafamilia\\\/\",\"name\":\"Terapia Familiar - Carolpsi &ndash; Crianza Respetuosa\",\"isPartOf\":{\"@id\":\"https:\\\/\\\/carolpsi.com\\\/en\\\/#website\"},\"primaryImageOfPage\":{\"@id\":\"https:\\\/\\\/carolpsi.com\\\/terapia\\\/terapiafamilia\\\/#primaryimage\"},\"image\":{\"@id\":\"https:\\\/\\\/carolpsi.com\\\/terapia\\\/terapiafamilia\\\/#primaryimage\"},\"thumbnailUrl\":\"https:\\\/\\\/carolpsi.com\\\/wp-content\\\/uploads\\\/2025\\\/10\\\/nino-pequeno-que-sufre-abuso-por-parte-de-padres-que-pelean-en-casa-1-1024x683.jpg\",\"datePublished\":\"2024-03-04T11:41:10+00:00\",\"dateModified\":\"2025-10-29T19:28:39+00:00\",\"breadcrumb\":{\"@id\":\"https:\\\/\\\/carolpsi.com\\\/terapia\\\/terapiafamilia\\\/#breadcrumb\"},\"inLanguage\":\"en-US\",\"potentialAction\":[{\"@type\":\"ReadAction\",\"target\":[\"https:\\\/\\\/carolpsi.com\\\/terapia\\\/terapiafamilia\\\/\"]}]},{\"@type\":\"ImageObject\",\"inLanguage\":\"en-US\",\"@id\":\"https:\\\/\\\/carolpsi.com\\\/terapia\\\/terapiafamilia\\\/#primaryimage\",\"url\":\"https:\\\/\\\/carolpsi.com\\\/wp-content\\\/uploads\\\/2025\\\/10\\\/nino-pequeno-que-sufre-abuso-por-parte-de-padres-que-pelean-en-casa-1-1024x683.jpg\",\"contentUrl\":\"https:\\\/\\\/carolpsi.com\\\/wp-content\\\/uploads\\\/2025\\\/10\\\/nino-pequeno-que-sufre-abuso-por-parte-de-padres-que-pelean-en-casa-1-1024x683.jpg\"},{\"@type\":\"BreadcrumbList\",\"@id\":\"https:\\\/\\\/carolpsi.com\\\/terapia\\\/terapiafamilia\\\/#breadcrumb\",\"itemListElement\":[{\"@type\":\"ListItem\",\"position\":1,\"name\":\"Portada\",\"item\":\"https:\\\/\\\/carolpsi.com\\\/en\\\/\"},{\"@type\":\"ListItem\",\"position\":2,\"name\":\"Psicoterapia\",\"item\":\"https:\\\/\\\/carolpsi.com\\\/terapia\\\/\"},{\"@type\":\"ListItem\",\"position\":3,\"name\":\"Terapia Familiar\"}]},{\"@type\":\"WebSite\",\"@id\":\"https:\\\/\\\/carolpsi.com\\\/en\\\/#website\",\"url\":\"https:\\\/\\\/carolpsi.com\\\/en\\\/\",\"name\":\"Carolpsi \u2013 Crianza Respetuosa\",\"description\":\"Educar sin gritos, sin premios ni castigos, sin perder la conexi&oacute;n es posible.\",\"publisher\":{\"@id\":\"https:\\\/\\\/carolpsi.com\\\/en\\\/#\\\/schema\\\/person\\\/5ea51d76ccf2ade4fba639548ec0ee04\"},\"potentialAction\":[{\"@type\":\"SearchAction\",\"target\":{\"@type\":\"EntryPoint\",\"urlTemplate\":\"https:\\\/\\\/carolpsi.com\\\/en\\\/?s={search_term_string}\"},\"query-input\":{\"@type\":\"PropertyValueSpecification\",\"valueRequired\":true,\"valueName\":\"search_term_string\"}}],\"inLanguage\":\"en-US\"},{\"@type\":[\"Person\",\"Organization\"],\"@id\":\"https:\\\/\\\/carolpsi.com\\\/en\\\/#\\\/schema\\\/person\\\/5ea51d76ccf2ade4fba639548ec0ee04\",\"name\":\"Carolina Sucari\",\"image\":{\"@type\":\"ImageObject\",\"inLanguage\":\"en-US\",\"@id\":\"https:\\\/\\\/carolpsi.com\\\/wp-content\\\/uploads\\\/2025\\\/05\\\/logo_footer_carol.png\",\"url\":\"https:\\\/\\\/carolpsi.com\\\/wp-content\\\/uploads\\\/2025\\\/05\\\/logo_footer_carol.png\",\"contentUrl\":\"https:\\\/\\\/carolpsi.com\\\/wp-content\\\/uploads\\\/2025\\\/05\\\/logo_footer_carol.png\",\"width\":312,\"height\":179,\"caption\":\"Carolina Sucari\"},\"logo\":{\"@id\":\"https:\\\/\\\/carolpsi.com\\\/wp-content\\\/uploads\\\/2025\\\/05\\\/logo_footer_carol.png\"},\"sameAs\":[\"https:\\\/\\\/carolpsi.com\"]}]}<\/script>\n<!-- \/ Yoast SEO plugin. -->","yoast_head_json":{"title":"Terapia Familiar - Carolpsi &ndash; Crianza Respetuosa","robots":{"index":"index","follow":"follow","max-snippet":"max-snippet:-1","max-image-preview":"max-image-preview:large","max-video-preview":"max-video-preview:-1"},"canonical":"https:\/\/carolpsi.com\/en\/terapia\/terapiafamilia\/","og_locale":"en_US","og_type":"article","og_title":"Terapia Familiar - Carolpsi &ndash; Crianza Respetuosa","og_description":"En cada familia hay historias compartidas, v\u00ednculos que nos forman y desaf\u00edos que nos invitan a reflexionar. Cada persona tambi\u00e9n [&hellip;]","og_url":"https:\/\/carolpsi.com\/en\/terapia\/terapiafamilia\/","og_site_name":"Carolpsi &ndash; Crianza Respetuosa","article_modified_time":"2025-10-29T19:28:39+00:00","og_image":[{"width":2560,"height":1707,"url":"https:\/\/carolpsi.com\/wp-content\/uploads\/2025\/10\/nino-pequeno-que-sufre-abuso-por-parte-de-padres-que-pelean-en-casa-1-scaled.jpg","type":"image\/jpeg"}],"twitter_card":"summary_large_image","twitter_misc":{"Est. reading time":"1 minute"},"schema":{"@context":"https:\/\/schema.org","@graph":[{"@type":"WebPage","@id":"https:\/\/carolpsi.com\/terapia\/terapiafamilia\/","url":"https:\/\/carolpsi.com\/terapia\/terapiafamilia\/","name":"Terapia Familiar - Carolpsi &ndash; Crianza Respetuosa","isPartOf":{"@id":"https:\/\/carolpsi.com\/en\/#website"},"primaryImageOfPage":{"@id":"https:\/\/carolpsi.com\/terapia\/terapiafamilia\/#primaryimage"},"image":{"@id":"https:\/\/carolpsi.com\/terapia\/terapiafamilia\/#primaryimage"},"thumbnailUrl":"https:\/\/carolpsi.com\/wp-content\/uploads\/2025\/10\/nino-pequeno-que-sufre-abuso-por-parte-de-padres-que-pelean-en-casa-1-1024x683.jpg","datePublished":"2024-03-04T11:41:10+00:00","dateModified":"2025-10-29T19:28:39+00:00","breadcrumb":{"@id":"https:\/\/carolpsi.com\/terapia\/terapiafamilia\/#breadcrumb"},"inLanguage":"en-US","potentialAction":[{"@type":"ReadAction","target":["https:\/\/carolpsi.com\/terapia\/terapiafamilia\/"]}]},{"@type":"ImageObject","inLanguage":"en-US","@id":"https:\/\/carolpsi.com\/terapia\/terapiafamilia\/#primaryimage","url":"https:\/\/carolpsi.com\/wp-content\/uploads\/2025\/10\/nino-pequeno-que-sufre-abuso-por-parte-de-padres-que-pelean-en-casa-1-1024x683.jpg","contentUrl":"https:\/\/carolpsi.com\/wp-content\/uploads\/2025\/10\/nino-pequeno-que-sufre-abuso-por-parte-de-padres-que-pelean-en-casa-1-1024x683.jpg"},{"@type":"BreadcrumbList","@id":"https:\/\/carolpsi.com\/terapia\/terapiafamilia\/#breadcrumb","itemListElement":[{"@type":"ListItem","position":1,"name":"Portada","item":"https:\/\/carolpsi.com\/en\/"},{"@type":"ListItem","position":2,"name":"Psicoterapia","item":"https:\/\/carolpsi.com\/terapia\/"},{"@type":"ListItem","position":3,"name":"Terapia Familiar"}]},{"@type":"WebSite","@id":"https:\/\/carolpsi.com\/en\/#website","url":"https:\/\/carolpsi.com\/en\/","name":"Carolpsi \u2013 Crianza Respetuosa","description":"Educar sin gritos, sin premios ni castigos, sin perder la conexi&oacute;n es posible.","publisher":{"@id":"https:\/\/carolpsi.com\/en\/#\/schema\/person\/5ea51d76ccf2ade4fba639548ec0ee04"},"potentialAction":[{"@type":"SearchAction","target":{"@type":"EntryPoint","urlTemplate":"https:\/\/carolpsi.com\/en\/?s={search_term_string}"},"query-input":{"@type":"PropertyValueSpecification","valueRequired":true,"valueName":"search_term_string"}}],"inLanguage":"en-US"},{"@type":["Person","Organization"],"@id":"https:\/\/carolpsi.com\/en\/#\/schema\/person\/5ea51d76ccf2ade4fba639548ec0ee04","name":"Carolina Sucari","image":{"@type":"ImageObject","inLanguage":"en-US","@id":"https:\/\/carolpsi.com\/wp-content\/uploads\/2025\/05\/logo_footer_carol.png","url":"https:\/\/carolpsi.com\/wp-content\/uploads\/2025\/05\/logo_footer_carol.png","contentUrl":"https:\/\/carolpsi.com\/wp-content\/uploads\/2025\/05\/logo_footer_carol.png","width":312,"height":179,"caption":"Carolina Sucari"},"logo":{"@id":"https:\/\/carolpsi.com\/wp-content\/uploads\/2025\/05\/logo_footer_carol.png"},"sameAs":["https:\/\/carolpsi.com"]}]}},"uagb_featured_image_src":{"full":false,"thumbnail":false,"medium":false,"medium_large":false,"large":false,"1536x1536":false,"2048x2048":false,"trp-custom-language-flag":false},"uagb_author_info":{"display_name":"Carolina Sucari","author_link":"https:\/\/carolpsi.com\/en\/author\/admin\/"},"uagb_comment_info":0,"uagb_excerpt":"En cada familia hay historias compartidas, v\u00ednculos que nos forman y desaf\u00edos que nos invitan a reflexionar. Cada persona tambi\u00e9n [&hellip;]","_links":{"self":[{"href":"https:\/\/carolpsi.com\/en\/wp-json\/wp\/v2\/pages\/263","targetHints":{"allow":["GET"]}}],"collection":[{"href":"https:\/\/carolpsi.com\/en\/wp-json\/wp\/v2\/pages"}],"about":[{"href":"https:\/\/carolpsi.com\/en\/wp-json\/wp\/v2\/types\/page"}],"author":[{"embeddable":true,"href":"https:\/\/carolpsi.com\/en\/wp-json\/wp\/v2\/users\/1"}],"replies":[{"embeddable":true,"href":"https:\/\/carolpsi.com\/en\/wp-json\/wp\/v2\/comments?post=263"}],"version-history":[{"count":21,"href":"https:\/\/carolpsi.com\/en\/wp-json\/wp\/v2\/pages\/263\/revisions"}],"predecessor-version":[{"id":3292,"href":"https:\/\/carolpsi.com\/en\/wp-json\/wp\/v2\/pages\/263\/revisions\/3292"}],"up":[{"embeddable":true,"href":"https:\/\/carolpsi.com\/en\/wp-json\/wp\/v2\/pages\/33"}],"wp:attachment":[{"href":"https:\/\/carolpsi.com\/en\/wp-json\/wp\/v2\/media?parent=263"}],"curies":[{"name":"wp","href":"https:\/\/api.w.org\/{rel}","templated":true}]}}