{"id":261,"date":"2024-03-04T11:40:19","date_gmt":"2024-03-04T11:40:19","guid":{"rendered":"https:\/\/carolpsi.com\/?page_id=261"},"modified":"2025-06-15T19:54:46","modified_gmt":"2025-06-15T19:54:46","slug":"depresion","status":"publish","type":"page","link":"https:\/\/carolpsi.com\/en\/terapia\/depresion\/","title":{"rendered":"Depression"},"content":{"rendered":"<p>Depression is characterized by a persistent state of sadness, loss of interest in activities that were once enjoyable, fatigue, a sense of purposelessness, changes in appetite and sleep patterns, feelings of hopelessness, and a reduced ability to function in daily life. Its severity can range from mild to severe, and it often requires treatment, which may include therapy, medication, or a combination of both.\nThis state can also lead to feelings of helplessness, guilt, and emotional distress. Depression affects both emotional and physical well-being and can significantly impact the quality of life of those who experience it, as well as their loved ones.<\/p>\n\n\n\n<p>In an individualized and personalized therapy process for treating depression, we explore and develop resources tailored to each person\u2019s unique needs, with the aim of addressing and reducing depressive symptoms. This, in turn, fosters greater emotional well-being and contributes to a more positive and fulfilling outlook on life.<\/p>\n\n\n\n<figure class=\"wp-block-image size-large is-resized\"><img loading=\"lazy\" decoding=\"async\" width=\"1024\" height=\"683\" src=\"https:\/\/carolpsi.com\/wp-content\/uploads\/2024\/03\/Depresion-2-1024x683.jpg\" alt=\"\" class=\"wp-image-282\" style=\"width:750px\" srcset=\"https:\/\/carolpsi.com\/wp-content\/uploads\/2024\/03\/Depresion-2-1024x683.jpg 1024w, https:\/\/carolpsi.com\/wp-content\/uploads\/2024\/03\/Depresion-2-300x200.jpg 300w, https:\/\/carolpsi.com\/wp-content\/uploads\/2024\/03\/Depresion-2-768x512.jpg 768w, https:\/\/carolpsi.com\/wp-content\/uploads\/2024\/03\/Depresion-2-1536x1024.jpg 1536w, https:\/\/carolpsi.com\/wp-content\/uploads\/2024\/03\/Depresion-2-2048x1365.jpg 2048w\" sizes=\"auto, (max-width: 1024px) 100vw, 1024px\" \/><\/figure>\n\n\n\n<p><em>Se ha demostrado la eficacia del tratamiento psicol\u00f3gico para los pacientes con depresi\u00f3n. En algunos casos, seg\u00fan el grado y tipo de depresi\u00f3n, se podr\u00e1 requerir tratamiento psicofarmacol\u00f3gico.<\/em><\/p>\n\n\n\n<h3 class=\"wp-block-heading\" style=\"font-size:19px\">Schedule a Psychological Therapy Session (50 minutes)<\/h3>\n\n\n\n<p style=\"font-size:18px\"><strong><strong><strong><strong>80\u202f\u20ac \u00b7 <\/strong>Online<\/strong><br><strong><strong>\u20ac95 \u00b7<\/strong><\/strong> <strong>In-person<\/strong><\/strong><\/strong><\/p>\n\n\n\n<p style=\"font-size:18px\">Mobile: +34 645 584 740<br>Let\u2019s chat on Whatsapp:\u00a0<a href=\"https:\/\/wa.me\/34645584740\"><strong>Click here<\/strong><\/a><\/p>\n\n\n\n<p><\/p>","protected":false},"excerpt":{"rendered":"<p>La depresi\u00f3n se caracteriza por un persistente estado de tristeza, la p\u00e9rdida de inter\u00e9s en actividades que antes resultaban placenteras, [&hellip;]<\/p>\n","protected":false},"author":1,"featured_media":0,"parent":33,"menu_order":0,"comment_status":"closed","ping_status":"closed","template":"","meta":{"_uag_custom_page_level_css":"","site-sidebar-layout":"default","site-content-layout":"","ast-site-content-layout":"default","site-content-style":"default","site-sidebar-style":"default","ast-global-header-display":"","ast-banner-title-visibility":"","ast-main-header-display":"","ast-hfb-above-header-display":"","ast-hfb-below-header-display":"","ast-hfb-mobile-header-display":"","site-post-title":"","ast-breadcrumbs-content":"","ast-featured-img":"","footer-sml-layout":"","ast-disable-related-posts":"","theme-transparent-header-meta":"","adv-header-id-meta":"","stick-header-meta":"","header-above-stick-meta":"","header-main-stick-meta":"","header-below-stick-meta":"","astra-migrate-meta-layouts":"set","ast-page-background-enabled":"default","ast-page-background-meta":{"desktop":{"background-color":"","background-image":"","background-repeat":"repeat","background-position":"center center","background-size":"auto","background-attachment":"scroll","background-type":"","background-media":"","overlay-type":"","overlay-color":"","overlay-opacity":"","overlay-gradient":""},"tablet":{"background-color":"","background-image":"","background-repeat":"repeat","background-position":"center center","background-size":"auto","background-attachment":"scroll","background-type":"","background-media":"","overlay-type":"","overlay-color":"","overlay-opacity":"","overlay-gradient":""},"mobile":{"background-color":"","background-image":"","background-repeat":"repeat","background-position":"center center","background-size":"auto","background-attachment":"scroll","background-type":"","background-media":"","overlay-type":"","overlay-color":"","overlay-opacity":"","overlay-gradient":""}},"ast-content-background-meta":{"desktop":{"background-color":"var(--ast-global-color-5)","background-image":"","background-repeat":"repeat","background-position":"center center","background-size":"auto","background-attachment":"scroll","background-type":"","background-media":"","overlay-type":"","overlay-color":"","overlay-opacity":"","overlay-gradient":""},"tablet":{"background-color":"var(--ast-global-color-5)","background-image":"","background-repeat":"repeat","background-position":"center center","background-size":"auto","background-attachment":"scroll","background-type":"","background-media":"","overlay-type":"","overlay-color":"","overlay-opacity":"","overlay-gradient":""},"mobile":{"background-color":"var(--ast-global-color-5)","background-image":"","background-repeat":"repeat","background-position":"center center","background-size":"auto","background-attachment":"scroll","background-type":"","background-media":"","overlay-type":"","overlay-color":"","overlay-opacity":"","overlay-gradient":""}},"footnotes":""},"class_list":["post-261","page","type-page","status-publish","hentry"],"yoast_head":"<!-- This site is optimized with the Yoast SEO plugin v27.4 - https:\/\/yoast.com\/product\/yoast-seo-wordpress\/ -->\n<title>Depresi\u00f3n - Carolpsi &ndash; Crianza Respetuosa<\/title>\n<meta name=\"robots\" content=\"index, follow, max-snippet:-1, max-image-preview:large, max-video-preview:-1\" \/>\n<link rel=\"canonical\" href=\"https:\/\/carolpsi.com\/en\/terapia\/depresion\/\" \/>\n<meta property=\"og:locale\" content=\"en_US\" \/>\n<meta property=\"og:type\" content=\"article\" \/>\n<meta property=\"og:title\" content=\"Depresi\u00f3n - Carolpsi &ndash; Crianza Respetuosa\" \/>\n<meta property=\"og:description\" content=\"La depresi\u00f3n se caracteriza por un persistente estado de tristeza, la p\u00e9rdida de inter\u00e9s en actividades que antes resultaban placenteras, [&hellip;]\" \/>\n<meta property=\"og:url\" content=\"https:\/\/carolpsi.com\/en\/terapia\/depresion\/\" \/>\n<meta property=\"og:site_name\" content=\"Carolpsi &ndash; Crianza Respetuosa\" \/>\n<meta property=\"article:modified_time\" content=\"2025-06-15T19:54:46+00:00\" \/>\n<meta property=\"og:image\" content=\"https:\/\/carolpsi.com\/wp-content\/uploads\/2024\/03\/Depresion-2-scaled.jpg\" \/>\n\t<meta property=\"og:image:width\" content=\"2560\" \/>\n\t<meta property=\"og:image:height\" content=\"1707\" \/>\n\t<meta property=\"og:image:type\" content=\"image\/jpeg\" \/>\n<meta name=\"twitter:card\" content=\"summary_large_image\" \/>\n<meta name=\"twitter:label1\" content=\"Est. reading time\" \/>\n\t<meta name=\"twitter:data1\" content=\"1 minute\" \/>\n<script type=\"application\/ld+json\" class=\"yoast-schema-graph\">{\"@context\":\"https:\\\/\\\/schema.org\",\"@graph\":[{\"@type\":\"WebPage\",\"@id\":\"https:\\\/\\\/carolpsi.com\\\/terapia\\\/depresion\\\/\",\"url\":\"https:\\\/\\\/carolpsi.com\\\/terapia\\\/depresion\\\/\",\"name\":\"Depresi\u00f3n - Carolpsi &ndash; Crianza Respetuosa\",\"isPartOf\":{\"@id\":\"https:\\\/\\\/carolpsi.com\\\/en\\\/#website\"},\"primaryImageOfPage\":{\"@id\":\"https:\\\/\\\/carolpsi.com\\\/terapia\\\/depresion\\\/#primaryimage\"},\"image\":{\"@id\":\"https:\\\/\\\/carolpsi.com\\\/terapia\\\/depresion\\\/#primaryimage\"},\"thumbnailUrl\":\"https:\\\/\\\/carolpsi.com\\\/wp-content\\\/uploads\\\/2024\\\/03\\\/Depresion-2-1024x683.jpg\",\"datePublished\":\"2024-03-04T11:40:19+00:00\",\"dateModified\":\"2025-06-15T19:54:46+00:00\",\"breadcrumb\":{\"@id\":\"https:\\\/\\\/carolpsi.com\\\/terapia\\\/depresion\\\/#breadcrumb\"},\"inLanguage\":\"en-US\",\"potentialAction\":[{\"@type\":\"ReadAction\",\"target\":[\"https:\\\/\\\/carolpsi.com\\\/terapia\\\/depresion\\\/\"]}]},{\"@type\":\"ImageObject\",\"inLanguage\":\"en-US\",\"@id\":\"https:\\\/\\\/carolpsi.com\\\/terapia\\\/depresion\\\/#primaryimage\",\"url\":\"https:\\\/\\\/carolpsi.com\\\/wp-content\\\/uploads\\\/2024\\\/03\\\/Depresion-2-1024x683.jpg\",\"contentUrl\":\"https:\\\/\\\/carolpsi.com\\\/wp-content\\\/uploads\\\/2024\\\/03\\\/Depresion-2-1024x683.jpg\"},{\"@type\":\"BreadcrumbList\",\"@id\":\"https:\\\/\\\/carolpsi.com\\\/terapia\\\/depresion\\\/#breadcrumb\",\"itemListElement\":[{\"@type\":\"ListItem\",\"position\":1,\"name\":\"Portada\",\"item\":\"https:\\\/\\\/carolpsi.com\\\/en\\\/\"},{\"@type\":\"ListItem\",\"position\":2,\"name\":\"Psicoterapia\",\"item\":\"https:\\\/\\\/carolpsi.com\\\/terapia\\\/\"},{\"@type\":\"ListItem\",\"position\":3,\"name\":\"Depresi\u00f3n\"}]},{\"@type\":\"WebSite\",\"@id\":\"https:\\\/\\\/carolpsi.com\\\/en\\\/#website\",\"url\":\"https:\\\/\\\/carolpsi.com\\\/en\\\/\",\"name\":\"Carolpsi \u2013 Crianza Respetuosa\",\"description\":\"Educar sin gritos, sin premios ni castigos, sin perder la conexi&oacute;n es posible.\",\"publisher\":{\"@id\":\"https:\\\/\\\/carolpsi.com\\\/en\\\/#\\\/schema\\\/person\\\/5ea51d76ccf2ade4fba639548ec0ee04\"},\"potentialAction\":[{\"@type\":\"SearchAction\",\"target\":{\"@type\":\"EntryPoint\",\"urlTemplate\":\"https:\\\/\\\/carolpsi.com\\\/en\\\/?s={search_term_string}\"},\"query-input\":{\"@type\":\"PropertyValueSpecification\",\"valueRequired\":true,\"valueName\":\"search_term_string\"}}],\"inLanguage\":\"en-US\"},{\"@type\":[\"Person\",\"Organization\"],\"@id\":\"https:\\\/\\\/carolpsi.com\\\/en\\\/#\\\/schema\\\/person\\\/5ea51d76ccf2ade4fba639548ec0ee04\",\"name\":\"Carolina Sucari\",\"image\":{\"@type\":\"ImageObject\",\"inLanguage\":\"en-US\",\"@id\":\"https:\\\/\\\/carolpsi.com\\\/wp-content\\\/uploads\\\/2025\\\/05\\\/logo_footer_carol.png\",\"url\":\"https:\\\/\\\/carolpsi.com\\\/wp-content\\\/uploads\\\/2025\\\/05\\\/logo_footer_carol.png\",\"contentUrl\":\"https:\\\/\\\/carolpsi.com\\\/wp-content\\\/uploads\\\/2025\\\/05\\\/logo_footer_carol.png\",\"width\":312,\"height\":179,\"caption\":\"Carolina Sucari\"},\"logo\":{\"@id\":\"https:\\\/\\\/carolpsi.com\\\/wp-content\\\/uploads\\\/2025\\\/05\\\/logo_footer_carol.png\"},\"sameAs\":[\"https:\\\/\\\/carolpsi.com\"]}]}<\/script>\n<!-- \/ Yoast SEO plugin. -->","yoast_head_json":{"title":"Depresi\u00f3n - Carolpsi &ndash; Crianza Respetuosa","robots":{"index":"index","follow":"follow","max-snippet":"max-snippet:-1","max-image-preview":"max-image-preview:large","max-video-preview":"max-video-preview:-1"},"canonical":"https:\/\/carolpsi.com\/en\/terapia\/depresion\/","og_locale":"en_US","og_type":"article","og_title":"Depresi\u00f3n - Carolpsi &ndash; Crianza Respetuosa","og_description":"La depresi\u00f3n se caracteriza por un persistente estado de tristeza, la p\u00e9rdida de inter\u00e9s en actividades que antes resultaban placenteras, [&hellip;]","og_url":"https:\/\/carolpsi.com\/en\/terapia\/depresion\/","og_site_name":"Carolpsi &ndash; Crianza Respetuosa","article_modified_time":"2025-06-15T19:54:46+00:00","og_image":[{"width":2560,"height":1707,"url":"https:\/\/carolpsi.com\/wp-content\/uploads\/2024\/03\/Depresion-2-scaled.jpg","type":"image\/jpeg"}],"twitter_card":"summary_large_image","twitter_misc":{"Est. reading time":"1 minute"},"schema":{"@context":"https:\/\/schema.org","@graph":[{"@type":"WebPage","@id":"https:\/\/carolpsi.com\/terapia\/depresion\/","url":"https:\/\/carolpsi.com\/terapia\/depresion\/","name":"Depresi\u00f3n - Carolpsi &ndash; Crianza Respetuosa","isPartOf":{"@id":"https:\/\/carolpsi.com\/en\/#website"},"primaryImageOfPage":{"@id":"https:\/\/carolpsi.com\/terapia\/depresion\/#primaryimage"},"image":{"@id":"https:\/\/carolpsi.com\/terapia\/depresion\/#primaryimage"},"thumbnailUrl":"https:\/\/carolpsi.com\/wp-content\/uploads\/2024\/03\/Depresion-2-1024x683.jpg","datePublished":"2024-03-04T11:40:19+00:00","dateModified":"2025-06-15T19:54:46+00:00","breadcrumb":{"@id":"https:\/\/carolpsi.com\/terapia\/depresion\/#breadcrumb"},"inLanguage":"en-US","potentialAction":[{"@type":"ReadAction","target":["https:\/\/carolpsi.com\/terapia\/depresion\/"]}]},{"@type":"ImageObject","inLanguage":"en-US","@id":"https:\/\/carolpsi.com\/terapia\/depresion\/#primaryimage","url":"https:\/\/carolpsi.com\/wp-content\/uploads\/2024\/03\/Depresion-2-1024x683.jpg","contentUrl":"https:\/\/carolpsi.com\/wp-content\/uploads\/2024\/03\/Depresion-2-1024x683.jpg"},{"@type":"BreadcrumbList","@id":"https:\/\/carolpsi.com\/terapia\/depresion\/#breadcrumb","itemListElement":[{"@type":"ListItem","position":1,"name":"Portada","item":"https:\/\/carolpsi.com\/en\/"},{"@type":"ListItem","position":2,"name":"Psicoterapia","item":"https:\/\/carolpsi.com\/terapia\/"},{"@type":"ListItem","position":3,"name":"Depresi\u00f3n"}]},{"@type":"WebSite","@id":"https:\/\/carolpsi.com\/en\/#website","url":"https:\/\/carolpsi.com\/en\/","name":"Carolpsi \u2013 Crianza Respetuosa","description":"Educar sin gritos, sin premios ni castigos, sin perder la conexi&oacute;n es posible.","publisher":{"@id":"https:\/\/carolpsi.com\/en\/#\/schema\/person\/5ea51d76ccf2ade4fba639548ec0ee04"},"potentialAction":[{"@type":"SearchAction","target":{"@type":"EntryPoint","urlTemplate":"https:\/\/carolpsi.com\/en\/?s={search_term_string}"},"query-input":{"@type":"PropertyValueSpecification","valueRequired":true,"valueName":"search_term_string"}}],"inLanguage":"en-US"},{"@type":["Person","Organization"],"@id":"https:\/\/carolpsi.com\/en\/#\/schema\/person\/5ea51d76ccf2ade4fba639548ec0ee04","name":"Carolina Sucari","image":{"@type":"ImageObject","inLanguage":"en-US","@id":"https:\/\/carolpsi.com\/wp-content\/uploads\/2025\/05\/logo_footer_carol.png","url":"https:\/\/carolpsi.com\/wp-content\/uploads\/2025\/05\/logo_footer_carol.png","contentUrl":"https:\/\/carolpsi.com\/wp-content\/uploads\/2025\/05\/logo_footer_carol.png","width":312,"height":179,"caption":"Carolina Sucari"},"logo":{"@id":"https:\/\/carolpsi.com\/wp-content\/uploads\/2025\/05\/logo_footer_carol.png"},"sameAs":["https:\/\/carolpsi.com"]}]}},"uagb_featured_image_src":{"full":false,"thumbnail":false,"medium":false,"medium_large":false,"large":false,"1536x1536":false,"2048x2048":false,"trp-custom-language-flag":false},"uagb_author_info":{"display_name":"Carolina Sucari","author_link":"https:\/\/carolpsi.com\/en\/author\/admin\/"},"uagb_comment_info":0,"uagb_excerpt":"La depresi\u00f3n se caracteriza por un persistente estado de tristeza, la p\u00e9rdida de inter\u00e9s en actividades que antes resultaban placenteras, [&hellip;]","_links":{"self":[{"href":"https:\/\/carolpsi.com\/en\/wp-json\/wp\/v2\/pages\/261","targetHints":{"allow":["GET"]}}],"collection":[{"href":"https:\/\/carolpsi.com\/en\/wp-json\/wp\/v2\/pages"}],"about":[{"href":"https:\/\/carolpsi.com\/en\/wp-json\/wp\/v2\/types\/page"}],"author":[{"embeddable":true,"href":"https:\/\/carolpsi.com\/en\/wp-json\/wp\/v2\/users\/1"}],"replies":[{"embeddable":true,"href":"https:\/\/carolpsi.com\/en\/wp-json\/wp\/v2\/comments?post=261"}],"version-history":[{"count":18,"href":"https:\/\/carolpsi.com\/en\/wp-json\/wp\/v2\/pages\/261\/revisions"}],"predecessor-version":[{"id":3231,"href":"https:\/\/carolpsi.com\/en\/wp-json\/wp\/v2\/pages\/261\/revisions\/3231"}],"up":[{"embeddable":true,"href":"https:\/\/carolpsi.com\/en\/wp-json\/wp\/v2\/pages\/33"}],"wp:attachment":[{"href":"https:\/\/carolpsi.com\/en\/wp-json\/wp\/v2\/media?parent=261"}],"curies":[{"name":"wp","href":"https:\/\/api.w.org\/{rel}","templated":true}]}}